{"id":13010,"date":"2021-01-07T16:37:26","date_gmt":"2021-01-07T15:37:26","guid":{"rendered":"https:\/\/www.esi-sba.dz\/fr\/?page_id=13010"},"modified":"2023-01-08T09:33:03","modified_gmt":"2023-01-08T08:33:03","slug":"guides","status":"publish","type":"page","link":"https:\/\/www.esi-sba.dz\/fr\/index.php\/guides\/","title":{"rendered":"Guides"},"content":{"rendered":"\n<p>GUIDE D\u2019UTILISATION PLATEFORME DE DOL\u00c9ANCE: <\/p>\n\n\n\n<div data-wp-interactive=\"core\/file\" class=\"wp-block-file\"><object data-wp-bind--hidden=\"!state.hasPdfPreview\" hidden class=\"wp-block-file__embed\" data=\"https:\/\/www.esi-sba.dz\/fr\/wp-content\/uploads\/2023\/01\/rdvdoleance-Guide.pdf\" type=\"application\/pdf\" style=\"width:100%;height:600px\" aria-label=\"Contenu embarqu\u00e9 rdvdoleance Guide.\"><\/object><a id=\"wp-block-file--media-142dc3e1-d6c3-4129-8e06-cd5c6cd7a1ee\" href=\"https:\/\/www.esi-sba.dz\/fr\/wp-content\/uploads\/2023\/01\/rdvdoleance-Guide.pdf\">rdvdoleance Guide<\/a><a href=\"https:\/\/www.esi-sba.dz\/fr\/wp-content\/uploads\/2023\/01\/rdvdoleance-Guide.pdf\" class=\"wp-block-file__button wp-element-button\" download aria-describedby=\"wp-block-file--media-142dc3e1-d6c3-4129-8e06-cd5c6cd7a1ee\">T\u00e9l\u00e9charger<\/a><\/div>\n\n\n\n<p>Guide d&rsquo;utilisation de la plateforme Ibtikar.<\/p>\n\n\n\n<hr class=\"wp-block-separator has-alpha-channel-opacity\"\/>\n\n\n\n<figure class=\"wp-block-embed aligncenter is-type-video is-provider-youtube wp-block-embed-youtube wp-embed-aspect-16-9 wp-has-aspect-ratio\"><div class=\"wp-block-embed__wrapper\">\n<iframe title=\"IBTIKAR Tuto\" width=\"1150\" height=\"647\" src=\"https:\/\/www.youtube.com\/embed\/ArpeaY3kW5Y?feature=oembed\" frameborder=\"0\" allow=\"accelerometer; autoplay; clipboard-write; encrypted-media; gyroscope; picture-in-picture; web-share\" allowfullscreen><\/iframe>\n<\/div><\/figure>\n\n\n\n<hr class=\"wp-block-separator has-alpha-channel-opacity\"\/>\n\n\n\n<p><a href=\"\/fr\/wp-content\/uploads\/2021\/10\/Guide_de_procedures_HU_Fr.pdf\" data-type=\"URL\" data-id=\"\/fr\/wp-content\/uploads\/2021\/10\/Guide_de_procedures_HU_Fr.pdf\">Guide de proc\u00e9dures de candidatures et des modalit\u00e9s d&rsquo;obtention de l&rsquo;habilitation universitaire pour l&rsquo;enseignant-chercheur et le chercheur permanent<\/a><\/p>\n\n\n\n<hr class=\"wp-block-separator has-alpha-channel-opacity\"\/>\n\n\n\n<p><a href=\"\/fr\/wp-content\/uploads\/2021\/01\/prestation-03-01-2021.pdf\" class=\"rank-math-link\">Guide de proc\u00e9dures au profit des doctorants pour b\u00e9n\u00e9ficier des prestations offertes par les services communs de recherche<\/a><\/p>\n\n\n\n<hr class=\"wp-block-separator has-alpha-channel-opacity\"\/>\n\n\n\n<p><a href=\"https:\/\/www.esi-sba.dz\/fr\/wp-content\/uploads\/2021\/01\/Guide-utilisation_-etudiants_opt.pdf\" class=\"rank-math-link\">Guide de l&rsquo;\u00e9tudiant pour l&rsquo;acc\u00e8s \u00e0 la plateforme nationale d&rsquo;enseignement \u00e0 distance<\/a><\/p>\n\n\n\n<p>Vid\u00e9os Tutorielles de l&rsquo;utilisation de la plateforme nationale d&rsquo;enseignement \u00e0 distance:&nbsp;<\/p>\n\n\n\n<p><a href=\"https:\/\/drive.google.com\/file\/d\/1jCLDaShlmAw7d5eQiHPN5vejqHBYj0Kz\/view?usp=sharing\" target=\"_blank\" rel=\"noopener\">https:\/\/drive.google.com\/file\/d\/1jCLDaShlmAw7d5eQiHPN5vejqHBYj0Kz\/view?usp=sharing<\/a><\/p>\n\n\n\n<p><a href=\"https:\/\/drive.google.com\/file\/d\/1oVhkYwkqgHq3-fkq5e_QU_YdWW5e6Rkz\/view?usp=sharing\" target=\"_blank\" rel=\"noopener\">https:\/\/drive.google.com\/file\/d\/1oVhkYwkqgHq3-fkq5e_QU_YdWW5e6Rkz\/view?usp=sharing<\/a><\/p>\n\n\n\n<p><a href=\"\/fr\/wp-content\/uploads\/2021\/02\/Tutorial-google-meet.pdf\" class=\"rank-math-link\">Guide d&rsquo;utilisation de l&rsquo;outil Google Meet<\/a><\/p>\n\n\n\n<hr class=\"wp-block-separator has-alpha-channel-opacity\"\/>\n\n\n\n<p>Adh\u00e9sion \u00e0 la plateforme num\u00e9rique \u00ab\u00a0IBTIKAR\u00a0\u00bb <a href=\"\/fr\/wp-content\/uploads\/2021\/02\/Procedure_service-commun.pdf\" class=\"rank-math-link\">Proc\u00e9dure pour b\u00e9n\u00e9ficier des prestations offertes par les services communs.<\/a><\/p>\n\n\n\n<p>Guide de la DGRSDT concernant le parcours de la cr\u00e9ation d&rsquo;une startup (<a href=\"\/fr\/wp-content\/uploads\/2021\/04\/Guide_Start_Up_2020_Fr.pdf\" class=\"rank-math-link\">Fran\u00e7ais<\/a>\/<a href=\"\/fr\/wp-content\/uploads\/2021\/04\/Guide_Start_Up_2020_Ar.pdf\" class=\"rank-math-link\">Arabe<\/a>).<\/p>\n\n\n\n<p>Guide du jeune chercheur pour la r\u00e9alisation d&rsquo;un projet de recherche scientifique de l&rsquo;ATRSS (<a href=\"\/fr\/wp-content\/uploads\/2021\/04\/Guide-du-jeune-chercheur.pdf\" class=\"rank-math-link\">T\u00e9l\u00e9charger<\/a>).<\/p>\n","protected":false},"excerpt":{"rendered":"<p>GUIDE D\u2019UTILISATION PLATEFORME DE DOL\u00c9ANCE: Guide d&rsquo;utilisation de la plateforme Ibtikar. Guide de proc\u00e9dures de candidatures et des modalit\u00e9s d&rsquo;obtention de l&rsquo;habilitation universitaire pour l&rsquo;enseignant-chercheur et le chercheur permanent Guide [&hellip;]<\/p>\n","protected":false},"author":1,"featured_media":0,"parent":0,"menu_order":0,"comment_status":"closed","ping_status":"closed","template":"","meta":{"_eb_attr":"","footnotes":""},"class_list":["post-13010","page","type-page","status-publish","hentry"],"_links":{"self":[{"href":"https:\/\/www.esi-sba.dz\/fr\/index.php\/wp-json\/wp\/v2\/pages\/13010","targetHints":{"allow":["GET"]}}],"collection":[{"href":"https:\/\/www.esi-sba.dz\/fr\/index.php\/wp-json\/wp\/v2\/pages"}],"about":[{"href":"https:\/\/www.esi-sba.dz\/fr\/index.php\/wp-json\/wp\/v2\/types\/page"}],"author":[{"embeddable":true,"href":"https:\/\/www.esi-sba.dz\/fr\/index.php\/wp-json\/wp\/v2\/users\/1"}],"replies":[{"embeddable":true,"href":"https:\/\/www.esi-sba.dz\/fr\/index.php\/wp-json\/wp\/v2\/comments?post=13010"}],"version-history":[{"count":5,"href":"https:\/\/www.esi-sba.dz\/fr\/index.php\/wp-json\/wp\/v2\/pages\/13010\/revisions"}],"predecessor-version":[{"id":19569,"href":"https:\/\/www.esi-sba.dz\/fr\/index.php\/wp-json\/wp\/v2\/pages\/13010\/revisions\/19569"}],"wp:attachment":[{"href":"https:\/\/www.esi-sba.dz\/fr\/index.php\/wp-json\/wp\/v2\/media?parent=13010"}],"curies":[{"name":"wp","href":"https:\/\/api.w.org\/{rel}","templated":true}]}}