{"id":15121,"date":"2021-03-02T11:06:35","date_gmt":"2021-03-02T10:06:35","guid":{"rendered":"https:\/\/www.esi-sba.dz\/fr\/?page_id=15121"},"modified":"2025-03-25T13:27:53","modified_gmt":"2025-03-25T12:27:53","slug":"ingeniums","status":"publish","type":"page","link":"https:\/\/www.esi-sba.dz\/fr\/index.php\/ingeniums\/","title":{"rendered":"Ingeniums"},"content":{"rendered":"<h1>INGENIUMS<\/h1>\n<p>Ingeniums est plus un foyer qu\u2019un club pour ses membres. C\u2019est une congr\u00e9gation d\u2019\u00e9tudiants motiv\u00e9s et passionn\u00e9s qui partagent des valeurs. Ce club a \u00e9t\u00e9 cr\u00e9\u00e9 pour se connecter les uns aux autres, apprendre, partager, et innover. C\u2019est un environnement convivial qui vise la croissance collective par le partage de connaissance et la cr\u00e9ation d\u2019un milieu positif et accueillant qui facilite l&rsquo;int\u00e9gration sociale, scolaire et professionnelle des \u00e9tudiants. De plus, il offre une atmosph\u00e8re saine pour d\u00e9couvrir la diversit\u00e9 culturelle dont se r\u00e9jouit le club.<\/p>\n<p><img fetchpriority=\"high\" decoding=\"async\" src=\"https:\/\/www.esi-sba.dz\/fr\/wp-content\/uploads\/2021\/03\/01_Description.png\" sizes=\"(max-width: 667px) 100vw, 667px\" srcset=\"https:\/\/www.esi-sba.dz\/fr\/wp-content\/uploads\/2021\/03\/01_Description.png 667w, https:\/\/www.esi-sba.dz\/fr\/wp-content\/uploads\/2021\/03\/01_Description-300x203.png 300w\" alt=\"\" width=\"667\" height=\"451\" \/><\/p>\n<h3>Historique<\/h3>\n<p>\u00c0 la recherche de quelque chose de diff\u00e9rent, de quelque chose de plus sp\u00e9cial et de valeurs r\u00e9elles, un groupe d\u2019amis dans leur dortoir a voulu cr\u00e9er un \u00ab groupe \u00bb plus tard un \u00ab club \u00bb qui se d\u00e9velopperait et \u00e9voluerait pour devenir une grande famille o\u00f9 l\u2019on peut trouver l\u2019acceptation, la connaissance, le soutien et surtout \u201cun foyer\u201d o\u00f9 chacun peut atteindre son plein potentiel. Autrement dit, \u00ab INGENUIMS \u00bb.<\/p>\n<p>En octobre 2017, le recrutement a commenc\u00e9. dix-sept personnes, des \u00e9tudiants de troisi\u00e8me et de deuxi\u00e8me ann\u00e9e, se sont jointes pour faire partie du \u00ab club \u00bb, avec des perspectives et des personnalit\u00e9s riches et diff\u00e9rentes. Ce n\u2019est qu\u2019en novembre de la m\u00eame ann\u00e9e que le club est devenu officiel avec le plein soutien d\u2019ESI-SBA.<\/p>\n<p>Selon l\u2019un des membres fondateurs, choisir un nom pour le club \u00e9tait:\u201c a brainstorming activity\u201d.Pour eux, ce n\u2019\u00e9tait pas seulement un nom, c\u2019\u00e9tait la traduction de la famille, de l\u2019amiti\u00e9, de la communaut\u00e9, du travail d\u2019\u00e9quipe, du travail acharn\u00e9 et de la joie . Tous ces principes, id\u00e9aux devait \u00eatre\u00a0\u00a0 repris en un mot, et ainsi INGENUIMS il \u00e9tait.<\/p>\n<p>Au d\u00e9but, la structure du club \u00e9tait simple: un pr\u00e9sident, un vice-pr\u00e9sident et un animateur d\u2019\u00e9v\u00e9nements. Le travail a \u00e9t\u00e9 divis\u00e9 entre les membres existants, cependant, la diversit\u00e9 des opinions et des perspectives a caus\u00e9 tant de d\u00e9fis n\u00e9anmoins INGENIUMS a prouv\u00e9 son efficacit\u00e9 \u00e0 concurrir des difficult\u00e9s.<\/p>\n<p>Une fois que tout a \u00e9t\u00e9 r\u00e9gl\u00e9 et mis en place, les membres se sont retrouv\u00e9s face \u00e0 un nouveau d\u00e9fi \u00ab Ingeniums First Event \u00bb, un \u00e9v\u00e9nement qui non seulement les repr\u00e9sente et leurs objectifs, mais aussi leur vision\u00a0\u00a0 d\u2019un endroit\u00a0 o\u00f9 la connaissance accompagne le plaisir. Ainsi, apr\u00e8s quinze jours de planification et de discussions, \u00ab TALK DAY \u00bb est devenu le premier \u00e9v\u00e9nement d\u2019Ingeniums. Il a \u00e9t\u00e9 organis\u00e9 pour aider les \u00e9tudiants de l\u2019ESI-SBA \u00e0 comprendre les choses li\u00e9es \u00e0 l\u2019\u00e9cole et \u00e0 l\u2019informatique plus g\u00e9n\u00e9ralement en suivant le syst\u00e8me de \u201cquestion r\u00e9ponse \u201c o\u00f9 tous les membres ont contribu\u00e9. \u00c0 la fin de la journ\u00e9e, l\u2019\u00e9v\u00e9nement a \u00e9t\u00e9 un succ\u00e8s et les membres \u00e9taient fiers de leur travail acharn\u00e9. C\u2019est alors qu\u2019ils ont senti qu\u2019ils appartenaient \u00e0 quelque chose de sp\u00e9cial.<\/p>\n<p>Les ann\u00e9es pass\u00e8rent, plus de souvenirs furent faits, plus d\u2019amiti\u00e9s se construisirent, plus d\u2019\u00e9v\u00e9nements ont \u00e9t\u00e9 organis\u00e9s et surtout, notre famille devint de plus en plus grande qu\u2019auparavant. La structure du club a \u00e9t\u00e9 chang\u00e9e en pr\u00e9sident, vice-pr\u00e9sident, SG, et cinq d\u00e9partement :<\/p>\n<ul>\n<li>D\u00e9partement de Finance.<\/li>\n<li>D\u00e9partement de ressources humaines.<\/li>\n<li>D\u00e9partement de marketing.<\/li>\n<li>Learning community.<\/li>\n<li>D\u00e9partement de logistique.<\/li>\n<\/ul>\n<p>L\u2019un des grands \u00e9v\u00e9nements d\u2019Ingeniums \u00e9tait MLH en septembre 2018, Ingehack en 2018, journ\u00e9e Amazigh en janvier. Pour plus d\u2019informations, veuillez consulter la liste des \u00e9v\u00e9nements. Peu importe \u00e0 quel point ces \u00e9v\u00e9nements sont diff\u00e9rents, les participants trouvent toujours la joie, la connaissance et \u00e9taient tr\u00e8s satisfaits ce qui a rendu les membres et les organisateurs si fiers de faire partie de club.<\/p>\n<p>Apr\u00e8s tout, Ingeniums est O\u00f9 nous cr\u00e9ons notre propre infinit\u00e9!\u00a0 Rejoignez-nous et faites partie de cette famille.<\/p>\n<h3>YENNAYER<\/h3>\n<p>Cet \u00e9v\u00e9nement est tr\u00e8s sp\u00e9cial car en ce jour, les \u00e9tudiants de l&rsquo;esi sba de tous les 48 wilayas du pays ont la chance de c\u00e9l\u00e9brer leurs traditions et sp\u00e9cialement la nouvelle ann\u00e9e TAMAZIGHT. On voit \u00e0 l&rsquo;occasion de YENNAYER toute l&rsquo;\u00e9cole en mode traditionnel, allons des costumes jusqu&rsquo;aux plats d\u00e9licieux et la musique alg\u00e9rienne..<\/p>\n<p><img decoding=\"async\" title=\"\" src=\"https:\/\/www.esi-sba.dz\/fr\/wp-content\/uploads\/2021\/03\/02_Yennayer.png\" alt=\"\" \/><br \/><img decoding=\"async\" src=\"https:\/\/www.esi-sba.dz\/fr\/wp-content\/uploads\/2021\/03\/03_Linux.png\" sizes=\"(max-width: 676px) 100vw, 676px\" srcset=\"https:\/\/www.esi-sba.dz\/fr\/wp-content\/uploads\/2021\/03\/03_Linux.png 676w, https:\/\/www.esi-sba.dz\/fr\/wp-content\/uploads\/2021\/03\/03_Linux-300x200.png 300w\" alt=\"\" width=\"676\" height=\"450\" \/><\/p>\n<h3>LINUX INSTALL PARTY<\/h3>\n<p>C&rsquo;est un \u00e9v\u00e9nement d\u00e9di\u00e9 plus pour les \u00e9tudiants de la 1\u00e8re ann\u00e9e de cycle pr\u00e9paratoire pour les aider \u00e0 installer et configurer le syst\u00e8me d&rsquo;exploitation Linux sur leurs machines, car ils l&rsquo;ont besoin en module de Syst\u00e8me d&rsquo;exploitation.<\/p>\n<h3>MLH:Local Hack Day<\/h3>\n<p>C\u2019est un hackathon international de 12 heures qu\u2019ingeniums prend la responsabilit\u00e9 de l&rsquo;organiser chaque ann\u00e9e, en assurant durant ce hackathon des Workshops de qualit\u00e9 pour les participants, et des prix symboliques pour les gagnants.<\/p>\n<p><img decoding=\"async\" src=\"https:\/\/www.esi-sba.dz\/fr\/wp-content\/uploads\/2021\/03\/04_MLH.png\" sizes=\"(max-width: 669px) 100vw, 669px\" srcset=\"https:\/\/www.esi-sba.dz\/fr\/wp-content\/uploads\/2021\/03\/04_MLH.png 669w, https:\/\/www.esi-sba.dz\/fr\/wp-content\/uploads\/2021\/03\/04_MLH-300x202.png 300w\" alt=\"\" width=\"669\" height=\"450\" \/><br \/><img loading=\"lazy\" decoding=\"async\" src=\"https:\/\/www.esi-sba.dz\/fr\/wp-content\/uploads\/2021\/03\/05_INGEHACK.png\" sizes=\"(max-width: 668px) 100vw, 668px\" srcset=\"https:\/\/www.esi-sba.dz\/fr\/wp-content\/uploads\/2021\/03\/05_INGEHACK.png 668w, https:\/\/www.esi-sba.dz\/fr\/wp-content\/uploads\/2021\/03\/05_INGEHACK-300x203.png 300w\" alt=\"\" width=\"668\" height=\"451\" \/><\/p>\n<h3>INGEHACK<\/h3>\n<p>C\u2019est un hackathon de cybers\u00e9curit\u00e9, qui dure tout au long d\u2019un weekend, les participants passionn\u00e9s auront la chance de r\u00e9soudre des probl\u00e8mes (CAPTURE THE FLAG).<\/p>\n<h3>TALK DAY<\/h3>\n<p>Une session d\u00e9di\u00e9e pour accueillir les nouveaux bacheliers et r\u00e9pondre \u00e0 leurs questions sur tout ce qui concerne les \u00e9tudes \u00e0 l\u2019esi sba, qui est int\u00e9ressant que les \u00e9tudiants des autres ann\u00e9es partagent leurs exp\u00e9riences et diff\u00e9rents conseils.<\/p>\n<p><img loading=\"lazy\" decoding=\"async\" src=\"https:\/\/www.esi-sba.dz\/fr\/wp-content\/uploads\/2021\/03\/06_Talk-Day.png\" sizes=\"(max-width: 668px) 100vw, 668px\" srcset=\"https:\/\/www.esi-sba.dz\/fr\/wp-content\/uploads\/2021\/03\/06_Talk-Day.png 668w, https:\/\/www.esi-sba.dz\/fr\/wp-content\/uploads\/2021\/03\/06_Talk-Day-300x203.png 300w\" alt=\"\" width=\"668\" height=\"451\" \/><br \/><img loading=\"lazy\" decoding=\"async\" src=\"https:\/\/www.esi-sba.dz\/fr\/wp-content\/uploads\/2021\/03\/07_ESI-Chess.png\" sizes=\"(max-width: 668px) 100vw, 668px\" srcset=\"https:\/\/www.esi-sba.dz\/fr\/wp-content\/uploads\/2021\/03\/07_ESI-Chess.png 668w, https:\/\/www.esi-sba.dz\/fr\/wp-content\/uploads\/2021\/03\/07_ESI-Chess-300x204.png 300w\" alt=\"\" width=\"668\" height=\"454\" \/><\/p>\n<h3>ESI Chess<\/h3>\n<p>Comme son nom l&rsquo;indique, cet \u00e9v\u00e9nement est un tournoi de jeux d&rsquo;\u00e9checs (chess), ou les \u00e9tudiants de l\u2019\u00e9cole s\u2019affrontent en exposant leurs talents magnifiques.<\/p>\n<figure><\/figure>\n<figure><\/figure>\n<h2><span style=\"color: #008000;\"><strong>Actuels membres du Bureau :<\/strong><\/span><\/h2>\n<h3><strong><span style=\"color: #ff0000;\">Pr\u00e9sident :<\/span> CHIKHAOUI Youcef Chihab Eddine<\/strong><\/h3>\n<h3><strong><span style=\"color: #ff0000;\">Vice-Pr\u00e9sident :<\/span> ACHOURI Youcef Islem<\/strong><\/h3>\n<h3>\u00a0<\/h3>\n<h3><span style=\"color: #ff0000;\"><strong><span style=\"color: #ff0000;\">Membres : <\/span><br \/><\/strong><\/span><\/h3>\n<ul>\n<li>\n<h3><strong>HANNACHI Seif Errahmane<\/strong><\/h3>\n<\/li>\n<li>\n<h3><strong>KACIMI Nadjiba<\/strong><\/h3>\n<\/li>\n<li>\n<h3><strong>MEDJAHRI Mohammed Safouane<\/strong><\/h3>\n<\/li>\n<li>\n<h3><strong>MERZOUKA Younes Abdel Samade<\/strong><\/h3>\n<\/li>\n<li>\n<h3><strong>BELKACEM Khalid<\/strong><\/h3>\n<\/li>\n<li>\n<h3><strong>LAHILAH Mountassar Billah<\/strong><\/h3>\n<\/li>\n<li>\n<h3><strong>DENNAI Amro Abdellah<\/strong><\/h3>\n<\/li>\n<li>\n<h3><strong>BOUAMINE Houdaifa<\/strong><\/h3>\n<\/li>\n<li>\n<h3><strong>MIHI Badis Mohammed Ali<\/strong><\/h3>\n<\/li>\n<\/ul>\n<h3>\u00a0<\/h3>\n<h3>Facebook : <a href=\"https:\/\/www.facebook.com\/ingeniums\" target=\"_blank\" rel=\"noopener\">https:\/\/www.facebook.com\/ingeniums<\/a><\/h3>\n\n\n<p><\/p>\n","protected":false},"excerpt":{"rendered":"<p>INGENIUMS Ingeniums est plus un foyer qu\u2019un club pour ses membres. C\u2019est une congr\u00e9gation d\u2019\u00e9tudiants motiv\u00e9s et passionn\u00e9s qui partagent des valeurs. Ce club a \u00e9t\u00e9 cr\u00e9\u00e9 pour se connecter [&hellip;]<\/p>\n","protected":false},"author":1,"featured_media":0,"parent":0,"menu_order":0,"comment_status":"closed","ping_status":"closed","template":"","meta":{"_eb_attr":"","footnotes":""},"class_list":["post-15121","page","type-page","status-publish","hentry"],"_links":{"self":[{"href":"https:\/\/www.esi-sba.dz\/fr\/index.php\/wp-json\/wp\/v2\/pages\/15121","targetHints":{"allow":["GET"]}}],"collection":[{"href":"https:\/\/www.esi-sba.dz\/fr\/index.php\/wp-json\/wp\/v2\/pages"}],"about":[{"href":"https:\/\/www.esi-sba.dz\/fr\/index.php\/wp-json\/wp\/v2\/types\/page"}],"author":[{"embeddable":true,"href":"https:\/\/www.esi-sba.dz\/fr\/index.php\/wp-json\/wp\/v2\/users\/1"}],"replies":[{"embeddable":true,"href":"https:\/\/www.esi-sba.dz\/fr\/index.php\/wp-json\/wp\/v2\/comments?post=15121"}],"version-history":[{"count":5,"href":"https:\/\/www.esi-sba.dz\/fr\/index.php\/wp-json\/wp\/v2\/pages\/15121\/revisions"}],"predecessor-version":[{"id":22733,"href":"https:\/\/www.esi-sba.dz\/fr\/index.php\/wp-json\/wp\/v2\/pages\/15121\/revisions\/22733"}],"wp:attachment":[{"href":"https:\/\/www.esi-sba.dz\/fr\/index.php\/wp-json\/wp\/v2\/media?parent=15121"}],"curies":[{"name":"wp","href":"https:\/\/api.w.org\/{rel}","templated":true}]}}