{"id":18899,"date":"2022-07-17T09:55:53","date_gmt":"2022-07-17T08:55:53","guid":{"rendered":"https:\/\/www.esi-sba.dz\/fr\/?page_id=18899"},"modified":"2023-03-29T14:57:06","modified_gmt":"2023-03-29T13:57:06","slug":"specialite-intelligence-artificielle-et-sciences-de-donnees-iasd","status":"publish","type":"page","link":"https:\/\/www.esi-sba.dz\/fr\/index.php\/specialite-intelligence-artificielle-et-sciences-de-donnees-iasd\/","title":{"rendered":"Sp\u00e9cialit\u00e9 :  Intelligence Artificielle et Sciences de Donn\u00e9es (IASD)"},"content":{"rendered":"","protected":false},"excerpt":{"rendered":"","protected":false},"author":1,"featured_media":0,"parent":0,"menu_order":0,"comment_status":"closed","ping_status":"closed","template":"","meta":{"_eb_attr":"","footnotes":""},"class_list":["post-18899","page","type-page","status-publish","hentry"],"_links":{"self":[{"href":"https:\/\/www.esi-sba.dz\/fr\/index.php\/wp-json\/wp\/v2\/pages\/18899","targetHints":{"allow":["GET"]}}],"collection":[{"href":"https:\/\/www.esi-sba.dz\/fr\/index.php\/wp-json\/wp\/v2\/pages"}],"about":[{"href":"https:\/\/www.esi-sba.dz\/fr\/index.php\/wp-json\/wp\/v2\/types\/page"}],"author":[{"embeddable":true,"href":"https:\/\/www.esi-sba.dz\/fr\/index.php\/wp-json\/wp\/v2\/users\/1"}],"replies":[{"embeddable":true,"href":"https:\/\/www.esi-sba.dz\/fr\/index.php\/wp-json\/wp\/v2\/comments?post=18899"}],"version-history":[{"count":6,"href":"https:\/\/www.esi-sba.dz\/fr\/index.php\/wp-json\/wp\/v2\/pages\/18899\/revisions"}],"predecessor-version":[{"id":23049,"href":"https:\/\/www.esi-sba.dz\/fr\/index.php\/wp-json\/wp\/v2\/pages\/18899\/revisions\/23049"}],"wp:attachment":[{"href":"https:\/\/www.esi-sba.dz\/fr\/index.php\/wp-json\/wp\/v2\/media?parent=18899"}],"curies":[{"name":"wp","href":"https:\/\/api.w.org\/{rel}","templated":true}]}}