{"id":23245,"date":"2025-07-21T14:01:51","date_gmt":"2025-07-21T13:01:51","guid":{"rendered":"https:\/\/www.esi-sba.dz\/fr\/?page_id=23245"},"modified":"2026-04-13T08:17:49","modified_gmt":"2026-04-13T07:17:49","slug":"specialite-cybersecurite-cys","status":"publish","type":"page","link":"https:\/\/www.esi-sba.dz\/fr\/index.php\/specialite-cybersecurite-cys\/","title":{"rendered":"Sp\u00e9cialit\u00e9 : Cybers\u00e9curit\u00e9 (CyS)"},"content":{"rendered":"","protected":false},"excerpt":{"rendered":"","protected":false},"author":1,"featured_media":0,"parent":0,"menu_order":0,"comment_status":"closed","ping_status":"closed","template":"","meta":{"_eb_attr":"","footnotes":""},"class_list":["post-23245","page","type-page","status-publish","hentry"],"_links":{"self":[{"href":"https:\/\/www.esi-sba.dz\/fr\/index.php\/wp-json\/wp\/v2\/pages\/23245","targetHints":{"allow":["GET"]}}],"collection":[{"href":"https:\/\/www.esi-sba.dz\/fr\/index.php\/wp-json\/wp\/v2\/pages"}],"about":[{"href":"https:\/\/www.esi-sba.dz\/fr\/index.php\/wp-json\/wp\/v2\/types\/page"}],"author":[{"embeddable":true,"href":"https:\/\/www.esi-sba.dz\/fr\/index.php\/wp-json\/wp\/v2\/users\/1"}],"replies":[{"embeddable":true,"href":"https:\/\/www.esi-sba.dz\/fr\/index.php\/wp-json\/wp\/v2\/comments?post=23245"}],"version-history":[{"count":4,"href":"https:\/\/www.esi-sba.dz\/fr\/index.php\/wp-json\/wp\/v2\/pages\/23245\/revisions"}],"predecessor-version":[{"id":24644,"href":"https:\/\/www.esi-sba.dz\/fr\/index.php\/wp-json\/wp\/v2\/pages\/23245\/revisions\/24644"}],"wp:attachment":[{"href":"https:\/\/www.esi-sba.dz\/fr\/index.php\/wp-json\/wp\/v2\/media?parent=23245"}],"curies":[{"name":"wp","href":"https:\/\/api.w.org\/{rel}","templated":true}]}}