{"id":6860,"date":"2020-08-03T14:12:25","date_gmt":"2020-08-03T12:12:25","guid":{"rendered":"http:\/\/193.194.79.200\/fr\/?page_id=6860"},"modified":"2024-04-16T08:24:11","modified_gmt":"2024-04-16T07:24:11","slug":"comite-local-dethique-et-de-deontologie","status":"publish","type":"page","link":"https:\/\/www.esi-sba.dz\/fr\/index.php\/conseil-de-lesi-sba\/comite-local-dethique-et-de-deontologie\/","title":{"rendered":"Comit\u00e9 local d&rsquo;\u00e9thique et de d\u00e9ontologie"},"content":{"rendered":"","protected":false},"excerpt":{"rendered":"","protected":false},"author":1,"featured_media":0,"parent":6437,"menu_order":0,"comment_status":"closed","ping_status":"closed","template":"","meta":{"_eb_attr":"","footnotes":""},"class_list":["post-6860","page","type-page","status-publish","hentry"],"_links":{"self":[{"href":"https:\/\/www.esi-sba.dz\/fr\/index.php\/wp-json\/wp\/v2\/pages\/6860","targetHints":{"allow":["GET"]}}],"collection":[{"href":"https:\/\/www.esi-sba.dz\/fr\/index.php\/wp-json\/wp\/v2\/pages"}],"about":[{"href":"https:\/\/www.esi-sba.dz\/fr\/index.php\/wp-json\/wp\/v2\/types\/page"}],"author":[{"embeddable":true,"href":"https:\/\/www.esi-sba.dz\/fr\/index.php\/wp-json\/wp\/v2\/users\/1"}],"replies":[{"embeddable":true,"href":"https:\/\/www.esi-sba.dz\/fr\/index.php\/wp-json\/wp\/v2\/comments?post=6860"}],"version-history":[{"count":5,"href":"https:\/\/www.esi-sba.dz\/fr\/index.php\/wp-json\/wp\/v2\/pages\/6860\/revisions"}],"predecessor-version":[{"id":21666,"href":"https:\/\/www.esi-sba.dz\/fr\/index.php\/wp-json\/wp\/v2\/pages\/6860\/revisions\/21666"}],"up":[{"embeddable":true,"href":"https:\/\/www.esi-sba.dz\/fr\/index.php\/wp-json\/wp\/v2\/pages\/6437"}],"wp:attachment":[{"href":"https:\/\/www.esi-sba.dz\/fr\/index.php\/wp-json\/wp\/v2\/media?parent=6860"}],"curies":[{"name":"wp","href":"https:\/\/api.w.org\/{rel}","templated":true}]}}