{"id":7924,"date":"2020-08-24T15:05:16","date_gmt":"2020-08-24T13:05:16","guid":{"rendered":"http:\/\/193.194.79.200\/fr\/?page_id=7924"},"modified":"2023-03-29T14:49:36","modified_gmt":"2023-03-29T13:49:36","slug":"specialite-systemes-dinformation-et-web-siw","status":"publish","type":"page","link":"https:\/\/www.esi-sba.dz\/fr\/index.php\/specialite-systemes-dinformation-et-web-siw\/","title":{"rendered":"Sp\u00e9cialit\u00e9 : Syst\u00e8mes d\u2019Information et Web (SIW)"},"content":{"rendered":"","protected":false},"excerpt":{"rendered":"","protected":false},"author":1,"featured_media":0,"parent":0,"menu_order":0,"comment_status":"closed","ping_status":"closed","template":"","meta":{"_eb_attr":"","footnotes":""},"class_list":["post-7924","page","type-page","status-publish","hentry"],"_links":{"self":[{"href":"https:\/\/www.esi-sba.dz\/fr\/index.php\/wp-json\/wp\/v2\/pages\/7924","targetHints":{"allow":["GET"]}}],"collection":[{"href":"https:\/\/www.esi-sba.dz\/fr\/index.php\/wp-json\/wp\/v2\/pages"}],"about":[{"href":"https:\/\/www.esi-sba.dz\/fr\/index.php\/wp-json\/wp\/v2\/types\/page"}],"author":[{"embeddable":true,"href":"https:\/\/www.esi-sba.dz\/fr\/index.php\/wp-json\/wp\/v2\/users\/1"}],"replies":[{"embeddable":true,"href":"https:\/\/www.esi-sba.dz\/fr\/index.php\/wp-json\/wp\/v2\/comments?post=7924"}],"version-history":[{"count":5,"href":"https:\/\/www.esi-sba.dz\/fr\/index.php\/wp-json\/wp\/v2\/pages\/7924\/revisions"}],"predecessor-version":[{"id":19932,"href":"https:\/\/www.esi-sba.dz\/fr\/index.php\/wp-json\/wp\/v2\/pages\/7924\/revisions\/19932"}],"wp:attachment":[{"href":"https:\/\/www.esi-sba.dz\/fr\/index.php\/wp-json\/wp\/v2\/media?parent=7924"}],"curies":[{"name":"wp","href":"https:\/\/api.w.org\/{rel}","templated":true}]}}