{"id":7963,"date":"2020-08-24T22:42:35","date_gmt":"2020-08-24T20:42:35","guid":{"rendered":"http:\/\/193.194.79.200\/fr\/?page_id=7963"},"modified":"2023-03-29T14:50:44","modified_gmt":"2023-03-29T13:50:44","slug":"specialite-ingenierie-des-systemes-informatiques-isi","status":"publish","type":"page","link":"https:\/\/www.esi-sba.dz\/fr\/index.php\/specialite-ingenierie-des-systemes-informatiques-isi\/","title":{"rendered":"Sp\u00e9cialit\u00e9 : Ing\u00e9nierie des Syst\u00e8mes Informatiques (ISI)"},"content":{"rendered":"","protected":false},"excerpt":{"rendered":"","protected":false},"author":1,"featured_media":0,"parent":0,"menu_order":0,"comment_status":"closed","ping_status":"closed","template":"","meta":{"_eb_attr":"","footnotes":""},"class_list":["post-7963","page","type-page","status-publish","hentry"],"_links":{"self":[{"href":"https:\/\/www.esi-sba.dz\/fr\/index.php\/wp-json\/wp\/v2\/pages\/7963","targetHints":{"allow":["GET"]}}],"collection":[{"href":"https:\/\/www.esi-sba.dz\/fr\/index.php\/wp-json\/wp\/v2\/pages"}],"about":[{"href":"https:\/\/www.esi-sba.dz\/fr\/index.php\/wp-json\/wp\/v2\/types\/page"}],"author":[{"embeddable":true,"href":"https:\/\/www.esi-sba.dz\/fr\/index.php\/wp-json\/wp\/v2\/users\/1"}],"replies":[{"embeddable":true,"href":"https:\/\/www.esi-sba.dz\/fr\/index.php\/wp-json\/wp\/v2\/comments?post=7963"}],"version-history":[{"count":5,"href":"https:\/\/www.esi-sba.dz\/fr\/index.php\/wp-json\/wp\/v2\/pages\/7963\/revisions"}],"predecessor-version":[{"id":15527,"href":"https:\/\/www.esi-sba.dz\/fr\/index.php\/wp-json\/wp\/v2\/pages\/7963\/revisions\/15527"}],"wp:attachment":[{"href":"https:\/\/www.esi-sba.dz\/fr\/index.php\/wp-json\/wp\/v2\/media?parent=7963"}],"curies":[{"name":"wp","href":"https:\/\/api.w.org\/{rel}","templated":true}]}}